{"id":10806,"date":"2025-11-10T06:53:02","date_gmt":"2025-11-10T09:53:02","guid":{"rendered":"https:\/\/pizzeriaosses.xn--aami-fqa.cl\/?post_type=product&#038;p=10806"},"modified":"2026-04-07T18:19:59","modified_gmt":"2026-04-07T21:19:59","slug":"tiramisu-doble","status":"publish","type":"product","link":"https:\/\/pizzeriaosses.xn--aami-fqa.cl\/en\/product\/tiramisu-doble\/","title":{"rendered":"Tiramis\u00fa"},"content":{"rendered":"<div class=\"masteqr-postwarpper\" id=\"masteqr-wrap6a01a215d1c39\"><div style=\"text-align:center\" id=\"masteqr-post6a01a215d1c39\" class=\"masteqr-post\"  data-size=\"100\" data-content=\"https:\/\/pizzeriaosses.xn--aami-fqa.cl\/en\/wp-json\/wp\/v2\/product\/10806\"><\/div><div class =\"mqrbtnalign\" style=\"    display: flex;justify-content:center\"><div style=\"width:100px;display:flex;align-items: center;justify-content: center;font-size: small\">\n                <\/div><\/div><\/div>","protected":false},"excerpt":{"rendered":"<p>Capas de bizcocho remojadas en caf\u00e9 de grano, mezcla cremosa de queso, alm\u00edbar de caf\u00e9 y espolvoreado con cacao amargo.<\/p>","protected":false},"featured_media":10959,"comment_status":"closed","ping_status":"closed","template":"","meta":[],"product_brand":[],"product_cat":[81],"product_tag":[],"class_list":{"0":"post-10806","1":"product","2":"type-product","3":"status-publish","4":"has-post-thumbnail","6":"product_cat-postres","8":"first","9":"instock","10":"shipping-taxable","11":"purchasable","12":"product-type-simple"},"_links":{"self":[{"href":"https:\/\/pizzeriaosses.xn--aami-fqa.cl\/en\/wp-json\/wp\/v2\/product\/10806","targetHints":{"allow":["GET"]}}],"collection":[{"href":"https:\/\/pizzeriaosses.xn--aami-fqa.cl\/en\/wp-json\/wp\/v2\/product"}],"about":[{"href":"https:\/\/pizzeriaosses.xn--aami-fqa.cl\/en\/wp-json\/wp\/v2\/types\/product"}],"replies":[{"embeddable":true,"href":"https:\/\/pizzeriaosses.xn--aami-fqa.cl\/en\/wp-json\/wp\/v2\/comments?post=10806"}],"wp:featuredmedia":[{"embeddable":true,"href":"https:\/\/pizzeriaosses.xn--aami-fqa.cl\/en\/wp-json\/wp\/v2\/media\/10959"}],"wp:attachment":[{"href":"https:\/\/pizzeriaosses.xn--aami-fqa.cl\/en\/wp-json\/wp\/v2\/media?parent=10806"}],"wp:term":[{"taxonomy":"product_brand","embeddable":true,"href":"https:\/\/pizzeriaosses.xn--aami-fqa.cl\/en\/wp-json\/wp\/v2\/product_brand?post=10806"},{"taxonomy":"product_cat","embeddable":true,"href":"https:\/\/pizzeriaosses.xn--aami-fqa.cl\/en\/wp-json\/wp\/v2\/product_cat?post=10806"},{"taxonomy":"product_tag","embeddable":true,"href":"https:\/\/pizzeriaosses.xn--aami-fqa.cl\/en\/wp-json\/wp\/v2\/product_tag?post=10806"}],"curies":[{"name":"wp","href":"https:\/\/api.w.org\/{rel}","templated":true}]}}